{"id":23,"date":"2022-10-31T17:51:14","date_gmt":"2022-10-31T16:51:14","guid":{"rendered":"https:\/\/www.darvida.ch\/?page_id=23"},"modified":"2023-01-09T09:45:28","modified_gmt":"2023-01-09T08:45:28","slug":"produkte","status":"publish","type":"page","link":"https:\/\/darvida.ch\/de\/produkte\/","title":{"rendered":"Produkte"},"content":{"rendered":"","protected":false},"excerpt":{"rendered":"","protected":false},"author":2,"featured_media":0,"parent":0,"menu_order":0,"comment_status":"closed","ping_status":"closed","template":"templates\/product_overview.php","meta":{"_acf_changed":false},"class_list":["post-23","page","type-page","status-publish","hentry"],"acf":[],"yoast_head":"<!-- This site is optimized with the Yoast SEO plugin v22.9 - https:\/\/yoast.com\/wordpress\/plugins\/seo\/ -->\n<title>Produkte &#8211; DAR-VIDA<\/title>\n<meta name=\"description\" content=\"DAR-VIDA ist der Inbegriff des gesunden Vollkorngeb\u00e4cks f\u00fcr zwischendurch. In DAR-VIDA steckt die nat\u00fcrliche Energie des Getreidekorns.\" \/>\n<meta name=\"robots\" content=\"index, follow, max-snippet:-1, max-image-preview:large, max-video-preview:-1\" \/>\n<link rel=\"canonical\" href=\"https:\/\/darvida.ch\/de\/produkte\/\" \/>\n<meta property=\"og:locale\" content=\"de_DE\" \/>\n<meta property=\"og:type\" content=\"article\" \/>\n<meta property=\"og:title\" content=\"Produkte &#8211; DAR-VIDA\" \/>\n<meta property=\"og:description\" content=\"DAR-VIDA ist der Inbegriff des gesunden Vollkorngeb\u00e4cks f\u00fcr zwischendurch. In DAR-VIDA steckt die nat\u00fcrliche Energie des Getreidekorns.\" \/>\n<meta property=\"og:url\" content=\"https:\/\/darvida.ch\/de\/produkte\/\" \/>\n<meta property=\"og:site_name\" content=\"DAR-VIDA\" \/>\n<meta property=\"article:modified_time\" content=\"2023-01-09T08:45:28+00:00\" \/>\n<meta name=\"twitter:card\" content=\"summary_large_image\" \/>\n<meta name=\"twitter:label1\" content=\"Est. reading time\" \/>\n\t<meta name=\"twitter:data1\" content=\"1 minute\" \/>\n<script type=\"application\/ld+json\" class=\"yoast-schema-graph\">{\"@context\":\"https:\/\/schema.org\",\"@graph\":[{\"@type\":\"WebPage\",\"@id\":\"https:\/\/darvida.ch\/de\/produkte\/\",\"url\":\"https:\/\/darvida.ch\/de\/produkte\/\",\"name\":\"Produkte &#8211; DAR-VIDA\",\"isPartOf\":{\"@id\":\"https:\/\/darvida.ch\/de\/#website\"},\"datePublished\":\"2022-10-31T16:51:14+00:00\",\"dateModified\":\"2023-01-09T08:45:28+00:00\",\"description\":\"DAR-VIDA ist der Inbegriff des gesunden Vollkorngeb\u00e4cks f\u00fcr zwischendurch. In DAR-VIDA steckt die nat\u00fcrliche Energie des Getreidekorns.\",\"inLanguage\":\"de-DE\",\"potentialAction\":[{\"@type\":\"ReadAction\",\"target\":[\"https:\/\/darvida.ch\/de\/produkte\/\"]}]},{\"@type\":\"WebSite\",\"@id\":\"https:\/\/darvida.ch\/de\/#website\",\"url\":\"https:\/\/darvida.ch\/de\/\",\"name\":\"DAR-VIDA\",\"description\":\"\",\"potentialAction\":[{\"@type\":\"SearchAction\",\"target\":{\"@type\":\"EntryPoint\",\"urlTemplate\":\"https:\/\/darvida.ch\/de\/?s={search_term_string}\"},\"query-input\":\"required name=search_term_string\"}],\"inLanguage\":\"de-DE\"}]}<\/script>\n<!-- \/ Yoast SEO plugin. -->","yoast_head_json":{"title":"Produkte &#8211; DAR-VIDA","description":"DAR-VIDA ist der Inbegriff des gesunden Vollkorngeb\u00e4cks f\u00fcr zwischendurch. In DAR-VIDA steckt die nat\u00fcrliche Energie des Getreidekorns.","robots":{"index":"index","follow":"follow","max-snippet":"max-snippet:-1","max-image-preview":"max-image-preview:large","max-video-preview":"max-video-preview:-1"},"canonical":"https:\/\/darvida.ch\/de\/produkte\/","og_locale":"de_DE","og_type":"article","og_title":"Produkte &#8211; DAR-VIDA","og_description":"DAR-VIDA ist der Inbegriff des gesunden Vollkorngeb\u00e4cks f\u00fcr zwischendurch. In DAR-VIDA steckt die nat\u00fcrliche Energie des Getreidekorns.","og_url":"https:\/\/darvida.ch\/de\/produkte\/","og_site_name":"DAR-VIDA","article_modified_time":"2023-01-09T08:45:28+00:00","twitter_card":"summary_large_image","twitter_misc":{"Est. reading time":"1 minute"},"schema":{"@context":"https:\/\/schema.org","@graph":[{"@type":"WebPage","@id":"https:\/\/darvida.ch\/de\/produkte\/","url":"https:\/\/darvida.ch\/de\/produkte\/","name":"Produkte &#8211; DAR-VIDA","isPartOf":{"@id":"https:\/\/darvida.ch\/de\/#website"},"datePublished":"2022-10-31T16:51:14+00:00","dateModified":"2023-01-09T08:45:28+00:00","description":"DAR-VIDA ist der Inbegriff des gesunden Vollkorngeb\u00e4cks f\u00fcr zwischendurch. In DAR-VIDA steckt die nat\u00fcrliche Energie des Getreidekorns.","inLanguage":"de-DE","potentialAction":[{"@type":"ReadAction","target":["https:\/\/darvida.ch\/de\/produkte\/"]}]},{"@type":"WebSite","@id":"https:\/\/darvida.ch\/de\/#website","url":"https:\/\/darvida.ch\/de\/","name":"DAR-VIDA","description":"","potentialAction":[{"@type":"SearchAction","target":{"@type":"EntryPoint","urlTemplate":"https:\/\/darvida.ch\/de\/?s={search_term_string}"},"query-input":"required name=search_term_string"}],"inLanguage":"de-DE"}]}},"_links":{"self":[{"href":"https:\/\/darvida.ch\/de\/wp-json\/wp\/v2\/pages\/23"}],"collection":[{"href":"https:\/\/darvida.ch\/de\/wp-json\/wp\/v2\/pages"}],"about":[{"href":"https:\/\/darvida.ch\/de\/wp-json\/wp\/v2\/types\/page"}],"author":[{"embeddable":true,"href":"https:\/\/darvida.ch\/de\/wp-json\/wp\/v2\/users\/2"}],"replies":[{"embeddable":true,"href":"https:\/\/darvida.ch\/de\/wp-json\/wp\/v2\/comments?post=23"}],"version-history":[{"count":4,"href":"https:\/\/darvida.ch\/de\/wp-json\/wp\/v2\/pages\/23\/revisions"}],"predecessor-version":[{"id":2229,"href":"https:\/\/darvida.ch\/de\/wp-json\/wp\/v2\/pages\/23\/revisions\/2229"}],"wp:attachment":[{"href":"https:\/\/darvida.ch\/de\/wp-json\/wp\/v2\/media?parent=23"}],"curies":[{"name":"wp","href":"https:\/\/api.w.org\/{rel}","templated":true}]}}