{"id":5,"date":"2022-10-24T18:11:33","date_gmt":"2022-10-24T16:11:33","guid":{"rendered":"https:\/\/www.darvida.ch\/startseite\/"},"modified":"2025-05-06T09:47:28","modified_gmt":"2025-05-06T07:47:28","slug":"startseite","status":"publish","type":"page","link":"https:\/\/darvida.ch\/de\/","title":{"rendered":"Startseite"},"content":{"rendered":"","protected":false},"excerpt":{"rendered":"","protected":false},"author":2,"featured_media":0,"parent":0,"menu_order":0,"comment_status":"closed","ping_status":"closed","template":"","meta":{"_acf_changed":false},"class_list":["post-5","page","type-page","status-publish","hentry"],"acf":[],"yoast_head":"<!-- This site is optimized with the Yoast SEO plugin v22.9 - https:\/\/yoast.com\/wordpress\/plugins\/seo\/ -->\n<title>DAR-VIDA &#8211; MUESCH HA.<\/title>\n<meta name=\"description\" content=\"DAR-VIDA ist der Inbegriff des gesunden Vollkorngeb\u00e4cks f\u00fcr zwischendurch. In DAR-VIDA steckt die nat\u00fcrliche Energie des Getreidekorns. Frisch geschrotet in Schweizer Steinm\u00fchlen wird das Getreide mit anderen naturbelassenen Rohstoffen sowie Meersalz schonend zu extra d\u00fcnnen Vollkorncrackern gebacken.\" \/>\n<meta name=\"robots\" content=\"index, follow, max-snippet:-1, max-image-preview:large, max-video-preview:-1\" \/>\n<link rel=\"canonical\" href=\"https:\/\/darvida.ch\/de\/\" \/>\n<meta property=\"og:locale\" content=\"de_DE\" \/>\n<meta property=\"og:type\" content=\"article\" \/>\n<meta property=\"og:title\" content=\"DAR-VIDA &#8211; MUESCH HA.\" \/>\n<meta property=\"og:description\" content=\"DAR-VIDA ist der Inbegriff des gesunden Vollkorngeb\u00e4cks f\u00fcr zwischendurch. In DAR-VIDA steckt die nat\u00fcrliche Energie des Getreidekorns. Frisch geschrotet in Schweizer Steinm\u00fchlen wird das Getreide mit anderen naturbelassenen Rohstoffen sowie Meersalz schonend zu extra d\u00fcnnen Vollkorncrackern gebacken.\" \/>\n<meta property=\"og:url\" content=\"https:\/\/darvida.ch\/de\/\" \/>\n<meta property=\"og:site_name\" content=\"DAR-VIDA\" \/>\n<meta property=\"article:modified_time\" content=\"2025-05-06T07:47:28+00:00\" \/>\n<meta name=\"twitter:card\" content=\"summary_large_image\" \/>\n<meta name=\"twitter:label1\" content=\"Est. reading time\" \/>\n\t<meta name=\"twitter:data1\" content=\"1 minute\" \/>\n<script type=\"application\/ld+json\" class=\"yoast-schema-graph\">{\"@context\":\"https:\/\/schema.org\",\"@graph\":[{\"@type\":\"WebPage\",\"@id\":\"https:\/\/darvida.ch\/de\/\",\"url\":\"https:\/\/darvida.ch\/de\/\",\"name\":\"DAR-VIDA &#8211; MUESCH HA.\",\"isPartOf\":{\"@id\":\"https:\/\/darvida.ch\/de\/#website\"},\"datePublished\":\"2022-10-24T16:11:33+00:00\",\"dateModified\":\"2025-05-06T07:47:28+00:00\",\"description\":\"DAR-VIDA ist der Inbegriff des gesunden Vollkorngeb\u00e4cks f\u00fcr zwischendurch. In DAR-VIDA steckt die nat\u00fcrliche Energie des Getreidekorns. Frisch geschrotet in Schweizer Steinm\u00fchlen wird das Getreide mit anderen naturbelassenen Rohstoffen sowie Meersalz schonend zu extra d\u00fcnnen Vollkorncrackern gebacken.\",\"inLanguage\":\"de-DE\",\"potentialAction\":[{\"@type\":\"ReadAction\",\"target\":[\"https:\/\/darvida.ch\/de\/\"]}]},{\"@type\":\"WebSite\",\"@id\":\"https:\/\/darvida.ch\/de\/#website\",\"url\":\"https:\/\/darvida.ch\/de\/\",\"name\":\"DAR-VIDA\",\"description\":\"\",\"potentialAction\":[{\"@type\":\"SearchAction\",\"target\":{\"@type\":\"EntryPoint\",\"urlTemplate\":\"https:\/\/darvida.ch\/de\/?s={search_term_string}\"},\"query-input\":\"required name=search_term_string\"}],\"inLanguage\":\"de-DE\"}]}<\/script>\n<!-- \/ Yoast SEO plugin. -->","yoast_head_json":{"title":"DAR-VIDA &#8211; MUESCH HA.","description":"DAR-VIDA ist der Inbegriff des gesunden Vollkorngeb\u00e4cks f\u00fcr zwischendurch. In DAR-VIDA steckt die nat\u00fcrliche Energie des Getreidekorns. Frisch geschrotet in Schweizer Steinm\u00fchlen wird das Getreide mit anderen naturbelassenen Rohstoffen sowie Meersalz schonend zu extra d\u00fcnnen Vollkorncrackern gebacken.","robots":{"index":"index","follow":"follow","max-snippet":"max-snippet:-1","max-image-preview":"max-image-preview:large","max-video-preview":"max-video-preview:-1"},"canonical":"https:\/\/darvida.ch\/de\/","og_locale":"de_DE","og_type":"article","og_title":"DAR-VIDA &#8211; MUESCH HA.","og_description":"DAR-VIDA ist der Inbegriff des gesunden Vollkorngeb\u00e4cks f\u00fcr zwischendurch. In DAR-VIDA steckt die nat\u00fcrliche Energie des Getreidekorns. Frisch geschrotet in Schweizer Steinm\u00fchlen wird das Getreide mit anderen naturbelassenen Rohstoffen sowie Meersalz schonend zu extra d\u00fcnnen Vollkorncrackern gebacken.","og_url":"https:\/\/darvida.ch\/de\/","og_site_name":"DAR-VIDA","article_modified_time":"2025-05-06T07:47:28+00:00","twitter_card":"summary_large_image","twitter_misc":{"Est. reading time":"1 minute"},"schema":{"@context":"https:\/\/schema.org","@graph":[{"@type":"WebPage","@id":"https:\/\/darvida.ch\/de\/","url":"https:\/\/darvida.ch\/de\/","name":"DAR-VIDA &#8211; MUESCH HA.","isPartOf":{"@id":"https:\/\/darvida.ch\/de\/#website"},"datePublished":"2022-10-24T16:11:33+00:00","dateModified":"2025-05-06T07:47:28+00:00","description":"DAR-VIDA ist der Inbegriff des gesunden Vollkorngeb\u00e4cks f\u00fcr zwischendurch. In DAR-VIDA steckt die nat\u00fcrliche Energie des Getreidekorns. Frisch geschrotet in Schweizer Steinm\u00fchlen wird das Getreide mit anderen naturbelassenen Rohstoffen sowie Meersalz schonend zu extra d\u00fcnnen Vollkorncrackern gebacken.","inLanguage":"de-DE","potentialAction":[{"@type":"ReadAction","target":["https:\/\/darvida.ch\/de\/"]}]},{"@type":"WebSite","@id":"https:\/\/darvida.ch\/de\/#website","url":"https:\/\/darvida.ch\/de\/","name":"DAR-VIDA","description":"","potentialAction":[{"@type":"SearchAction","target":{"@type":"EntryPoint","urlTemplate":"https:\/\/darvida.ch\/de\/?s={search_term_string}"},"query-input":"required name=search_term_string"}],"inLanguage":"de-DE"}]}},"_links":{"self":[{"href":"https:\/\/darvida.ch\/de\/wp-json\/wp\/v2\/pages\/5"}],"collection":[{"href":"https:\/\/darvida.ch\/de\/wp-json\/wp\/v2\/pages"}],"about":[{"href":"https:\/\/darvida.ch\/de\/wp-json\/wp\/v2\/types\/page"}],"author":[{"embeddable":true,"href":"https:\/\/darvida.ch\/de\/wp-json\/wp\/v2\/users\/2"}],"replies":[{"embeddable":true,"href":"https:\/\/darvida.ch\/de\/wp-json\/wp\/v2\/comments?post=5"}],"version-history":[{"count":42,"href":"https:\/\/darvida.ch\/de\/wp-json\/wp\/v2\/pages\/5\/revisions"}],"predecessor-version":[{"id":3897,"href":"https:\/\/darvida.ch\/de\/wp-json\/wp\/v2\/pages\/5\/revisions\/3897"}],"wp:attachment":[{"href":"https:\/\/darvida.ch\/de\/wp-json\/wp\/v2\/media?parent=5"}],"curies":[{"name":"wp","href":"https:\/\/api.w.org\/{rel}","templated":true}]}}