{"id":668,"date":"2022-12-15T09:35:29","date_gmt":"2022-12-15T08:35:29","guid":{"rendered":"https:\/\/darvida.ch\/?post_type=product&#038;p=668"},"modified":"2026-04-25T07:26:07","modified_gmt":"2026-04-25T05:26:07","slug":"dar-vida-sandwich-fromage-frais-herbes","status":"publish","type":"product","link":"https:\/\/darvida.ch\/de\/produkte\/dar-vida-sandwich-fromage-frais-herbes\/","title":{"rendered":"DAR-VIDA Sandwich Fromage Frais &#038; Herbes"},"template":"","ingredients":[51,123,130,131,132,133,134,295,328,331,25,334,45,47,48,49,50],"featured_ingredients":[12,13,16],"taste":[33],"allergens":[358,361,364,367,370,373,376],"diet":[],"class_list":["post-668","product","type-product","status-publish","hentry","ingredients-weizenmehl","ingredients-weizenstaerke","ingredients-kaesepulver","ingredients-frischkaesepulver","ingredients-petersilie","ingredients-rosmarin","ingredients-oregano","ingredients-pflanzenfett-oel-ungehaertet-raps-palm","ingredients-backtriebmittel-natriumcarbonate","ingredients-maltodextrin","ingredients-meersalz","ingredients-emulgator-lecithine-soja","ingredients-rohzucker","ingredients-hefe","ingredients-gerstenmalz","ingredients-vollkornmehl","ingredients-thymian","featured_ingredients-mit-weizen","featured_ingredients-mit-dinkel","featured_ingredients-mit-fuellung","taste-salzig","allergens-aw_de","allergens-ay_de","allergens-am_de","allergens-as_de","allergens-uw_de","allergens-gb_de","allergens-gs_de"],"acf":[],"yoast_head":"<!-- This site is optimized with the Yoast SEO plugin v22.9 - https:\/\/yoast.com\/wordpress\/plugins\/seo\/ -->\n<title>DAR-VIDA Sandwich Fromage Frais &amp; Herbes &#8211; DAR-VIDA<\/title>\n<meta name=\"description\" content=\"2 knusprige Cracker mit cremiger Frischk\u00e4se- &amp; Kr\u00e4uter-F\u00fcllung.\" \/>\n<meta name=\"robots\" content=\"index, follow, max-snippet:-1, max-image-preview:large, max-video-preview:-1\" \/>\n<link rel=\"canonical\" href=\"https:\/\/darvida.ch\/de\/produkte\/dar-vida-sandwich-fromage-frais-herbes\/\" \/>\n<meta property=\"og:locale\" content=\"de_DE\" \/>\n<meta property=\"og:type\" content=\"article\" \/>\n<meta property=\"og:title\" content=\"DAR-VIDA Sandwich Fromage Frais &amp; Herbes &#8211; DAR-VIDA\" \/>\n<meta property=\"og:description\" content=\"2 knusprige Cracker mit cremiger Frischk\u00e4se- &amp; Kr\u00e4uter-F\u00fcllung.\" \/>\n<meta property=\"og:url\" content=\"https:\/\/darvida.ch\/de\/produkte\/dar-vida-sandwich-fromage-frais-herbes\/\" \/>\n<meta property=\"og:site_name\" content=\"DAR-VIDA\" \/>\n<meta property=\"article:modified_time\" content=\"2026-04-25T05:26:07+00:00\" \/>\n<meta name=\"twitter:card\" content=\"summary_large_image\" \/>\n<meta name=\"twitter:label1\" content=\"Est. reading time\" \/>\n\t<meta name=\"twitter:data1\" content=\"2 minutes\" \/>\n<script type=\"application\/ld+json\" class=\"yoast-schema-graph\">{\"@context\":\"https:\/\/schema.org\",\"@graph\":[{\"@type\":\"WebPage\",\"@id\":\"https:\/\/darvida.ch\/de\/produkte\/dar-vida-sandwich-fromage-frais-herbes\/\",\"url\":\"https:\/\/darvida.ch\/de\/produkte\/dar-vida-sandwich-fromage-frais-herbes\/\",\"name\":\"DAR-VIDA Sandwich Fromage Frais & Herbes &#8211; DAR-VIDA\",\"isPartOf\":{\"@id\":\"https:\/\/darvida.ch\/de\/#website\"},\"datePublished\":\"2022-12-15T08:35:29+00:00\",\"dateModified\":\"2026-04-25T05:26:07+00:00\",\"description\":\"2 knusprige Cracker mit cremiger Frischk\u00e4se- & Kr\u00e4uter-F\u00fcllung.\",\"inLanguage\":\"de-DE\",\"potentialAction\":[{\"@type\":\"ReadAction\",\"target\":[\"https:\/\/darvida.ch\/de\/produkte\/dar-vida-sandwich-fromage-frais-herbes\/\"]}]},{\"@type\":\"WebSite\",\"@id\":\"https:\/\/darvida.ch\/de\/#website\",\"url\":\"https:\/\/darvida.ch\/de\/\",\"name\":\"DAR-VIDA\",\"description\":\"\",\"potentialAction\":[{\"@type\":\"SearchAction\",\"target\":{\"@type\":\"EntryPoint\",\"urlTemplate\":\"https:\/\/darvida.ch\/de\/?s={search_term_string}\"},\"query-input\":\"required name=search_term_string\"}],\"inLanguage\":\"de-DE\"}]}<\/script>\n<!-- \/ Yoast SEO plugin. -->","yoast_head_json":{"title":"DAR-VIDA Sandwich Fromage Frais & Herbes &#8211; DAR-VIDA","description":"2 knusprige Cracker mit cremiger Frischk\u00e4se- & Kr\u00e4uter-F\u00fcllung.","robots":{"index":"index","follow":"follow","max-snippet":"max-snippet:-1","max-image-preview":"max-image-preview:large","max-video-preview":"max-video-preview:-1"},"canonical":"https:\/\/darvida.ch\/de\/produkte\/dar-vida-sandwich-fromage-frais-herbes\/","og_locale":"de_DE","og_type":"article","og_title":"DAR-VIDA Sandwich Fromage Frais & Herbes &#8211; DAR-VIDA","og_description":"2 knusprige Cracker mit cremiger Frischk\u00e4se- & Kr\u00e4uter-F\u00fcllung.","og_url":"https:\/\/darvida.ch\/de\/produkte\/dar-vida-sandwich-fromage-frais-herbes\/","og_site_name":"DAR-VIDA","article_modified_time":"2026-04-25T05:26:07+00:00","twitter_card":"summary_large_image","twitter_misc":{"Est. reading time":"2 minutes"},"schema":{"@context":"https:\/\/schema.org","@graph":[{"@type":"WebPage","@id":"https:\/\/darvida.ch\/de\/produkte\/dar-vida-sandwich-fromage-frais-herbes\/","url":"https:\/\/darvida.ch\/de\/produkte\/dar-vida-sandwich-fromage-frais-herbes\/","name":"DAR-VIDA Sandwich Fromage Frais & Herbes &#8211; DAR-VIDA","isPartOf":{"@id":"https:\/\/darvida.ch\/de\/#website"},"datePublished":"2022-12-15T08:35:29+00:00","dateModified":"2026-04-25T05:26:07+00:00","description":"2 knusprige Cracker mit cremiger Frischk\u00e4se- & Kr\u00e4uter-F\u00fcllung.","inLanguage":"de-DE","potentialAction":[{"@type":"ReadAction","target":["https:\/\/darvida.ch\/de\/produkte\/dar-vida-sandwich-fromage-frais-herbes\/"]}]},{"@type":"WebSite","@id":"https:\/\/darvida.ch\/de\/#website","url":"https:\/\/darvida.ch\/de\/","name":"DAR-VIDA","description":"","potentialAction":[{"@type":"SearchAction","target":{"@type":"EntryPoint","urlTemplate":"https:\/\/darvida.ch\/de\/?s={search_term_string}"},"query-input":"required name=search_term_string"}],"inLanguage":"de-DE"}]}},"_links":{"self":[{"href":"https:\/\/darvida.ch\/de\/wp-json\/wp\/v2\/product\/668"}],"collection":[{"href":"https:\/\/darvida.ch\/de\/wp-json\/wp\/v2\/product"}],"about":[{"href":"https:\/\/darvida.ch\/de\/wp-json\/wp\/v2\/types\/product"}],"version-history":[{"count":19,"href":"https:\/\/darvida.ch\/de\/wp-json\/wp\/v2\/product\/668\/revisions"}],"predecessor-version":[{"id":3309,"href":"https:\/\/darvida.ch\/de\/wp-json\/wp\/v2\/product\/668\/revisions\/3309"}],"wp:attachment":[{"href":"https:\/\/darvida.ch\/de\/wp-json\/wp\/v2\/media?parent=668"}],"wp:term":[{"taxonomy":"ingredients","embeddable":true,"href":"https:\/\/darvida.ch\/de\/wp-json\/wp\/v2\/ingredients?post=668"},{"taxonomy":"featured_ingredients","embeddable":true,"href":"https:\/\/darvida.ch\/de\/wp-json\/wp\/v2\/featured_ingredients?post=668"},{"taxonomy":"taste","embeddable":true,"href":"https:\/\/darvida.ch\/de\/wp-json\/wp\/v2\/taste?post=668"},{"taxonomy":"allergens","embeddable":true,"href":"https:\/\/darvida.ch\/de\/wp-json\/wp\/v2\/allergens?post=668"},{"taxonomy":"diet","embeddable":true,"href":"https:\/\/darvida.ch\/de\/wp-json\/wp\/v2\/diet?post=668"}],"curies":[{"name":"wp","href":"https:\/\/api.w.org\/{rel}","templated":true}]}}