{"id":201,"date":"2022-10-24T18:11:33","date_gmt":"2022-10-24T16:11:33","guid":{"rendered":"https:\/\/www.darvida.ch\/?page_id=201"},"modified":"2025-05-06T09:48:17","modified_gmt":"2025-05-06T07:48:17","slug":"startseite","status":"publish","type":"page","link":"https:\/\/darvida.ch\/fr\/","title":{"rendered":"Startseite"},"content":{"rendered":"","protected":false},"excerpt":{"rendered":"","protected":false},"author":2,"featured_media":0,"parent":0,"menu_order":0,"comment_status":"closed","ping_status":"closed","template":"","meta":{"_acf_changed":false},"class_list":["post-201","page","type-page","status-publish","hentry"],"acf":[],"yoast_head":"<!-- This site is optimized with the Yoast SEO plugin v22.9 - https:\/\/yoast.com\/wordpress\/plugins\/seo\/ -->\n<title>DAR-VIDA &#8211; C&#039;EST ESSENTIEL.<\/title>\n<meta name=\"description\" content=\"DAR-VIDA incarne le cracker complet sain pour combler les petites faims. DAR-VIDA renferme l&#039;\u00e9nergie naturelle des grains de c\u00e9r\u00e9ale. Fra\u00eechement broy\u00e9es grossi\u00e8rement en Suisse \u00e0 la meule de pierre, les c\u00e9r\u00e9ales sont transform\u00e9es avec d&#039;autres mati\u00e8res premi\u00e8res non raffin\u00e9es et du sel marin en crackers complets extra minces dans un proc\u00e9d\u00e9 de cuisson qui permet de pr\u00e9server les qualit\u00e9s nutritionnelles.\" \/>\n<meta name=\"robots\" content=\"index, follow, max-snippet:-1, max-image-preview:large, max-video-preview:-1\" \/>\n<link rel=\"canonical\" href=\"https:\/\/darvida.ch\/fr\/\" \/>\n<meta property=\"og:locale\" content=\"fr_FR\" \/>\n<meta property=\"og:type\" content=\"article\" \/>\n<meta property=\"og:title\" content=\"DAR-VIDA &#8211; C&#039;EST ESSENTIEL.\" \/>\n<meta property=\"og:description\" content=\"DAR-VIDA incarne le cracker complet sain pour combler les petites faims. DAR-VIDA renferme l&#039;\u00e9nergie naturelle des grains de c\u00e9r\u00e9ale. Fra\u00eechement broy\u00e9es grossi\u00e8rement en Suisse \u00e0 la meule de pierre, les c\u00e9r\u00e9ales sont transform\u00e9es avec d&#039;autres mati\u00e8res premi\u00e8res non raffin\u00e9es et du sel marin en crackers complets extra minces dans un proc\u00e9d\u00e9 de cuisson qui permet de pr\u00e9server les qualit\u00e9s nutritionnelles.\" \/>\n<meta property=\"og:url\" content=\"https:\/\/darvida.ch\/fr\/\" \/>\n<meta property=\"og:site_name\" content=\"DAR-VIDA\" \/>\n<meta property=\"article:modified_time\" content=\"2025-05-06T07:48:17+00:00\" \/>\n<meta name=\"twitter:card\" content=\"summary_large_image\" \/>\n<meta name=\"twitter:label1\" content=\"Est. reading time\" \/>\n\t<meta name=\"twitter:data1\" content=\"1 minute\" \/>\n<script type=\"application\/ld+json\" class=\"yoast-schema-graph\">{\"@context\":\"https:\/\/schema.org\",\"@graph\":[{\"@type\":\"WebPage\",\"@id\":\"https:\/\/darvida.ch\/fr\/\",\"url\":\"https:\/\/darvida.ch\/fr\/\",\"name\":\"DAR-VIDA &#8211; C'EST ESSENTIEL.\",\"isPartOf\":{\"@id\":\"https:\/\/darvida.ch\/fr\/#website\"},\"datePublished\":\"2022-10-24T16:11:33+00:00\",\"dateModified\":\"2025-05-06T07:48:17+00:00\",\"description\":\"DAR-VIDA incarne le cracker complet sain pour combler les petites faims. DAR-VIDA renferme l'\u00e9nergie naturelle des grains de c\u00e9r\u00e9ale. Fra\u00eechement broy\u00e9es grossi\u00e8rement en Suisse \u00e0 la meule de pierre, les c\u00e9r\u00e9ales sont transform\u00e9es avec d'autres mati\u00e8res premi\u00e8res non raffin\u00e9es et du sel marin en crackers complets extra minces dans un proc\u00e9d\u00e9 de cuisson qui permet de pr\u00e9server les qualit\u00e9s nutritionnelles.\",\"inLanguage\":\"fr-FR\",\"potentialAction\":[{\"@type\":\"ReadAction\",\"target\":[\"https:\/\/darvida.ch\/fr\/\"]}]},{\"@type\":\"WebSite\",\"@id\":\"https:\/\/darvida.ch\/fr\/#website\",\"url\":\"https:\/\/darvida.ch\/fr\/\",\"name\":\"DAR-VIDA\",\"description\":\"\",\"potentialAction\":[{\"@type\":\"SearchAction\",\"target\":{\"@type\":\"EntryPoint\",\"urlTemplate\":\"https:\/\/darvida.ch\/fr\/?s={search_term_string}\"},\"query-input\":\"required name=search_term_string\"}],\"inLanguage\":\"fr-FR\"}]}<\/script>\n<!-- \/ Yoast SEO plugin. -->","yoast_head_json":{"title":"DAR-VIDA &#8211; C'EST ESSENTIEL.","description":"DAR-VIDA incarne le cracker complet sain pour combler les petites faims. DAR-VIDA renferme l'\u00e9nergie naturelle des grains de c\u00e9r\u00e9ale. Fra\u00eechement broy\u00e9es grossi\u00e8rement en Suisse \u00e0 la meule de pierre, les c\u00e9r\u00e9ales sont transform\u00e9es avec d'autres mati\u00e8res premi\u00e8res non raffin\u00e9es et du sel marin en crackers complets extra minces dans un proc\u00e9d\u00e9 de cuisson qui permet de pr\u00e9server les qualit\u00e9s nutritionnelles.","robots":{"index":"index","follow":"follow","max-snippet":"max-snippet:-1","max-image-preview":"max-image-preview:large","max-video-preview":"max-video-preview:-1"},"canonical":"https:\/\/darvida.ch\/fr\/","og_locale":"fr_FR","og_type":"article","og_title":"DAR-VIDA &#8211; C'EST ESSENTIEL.","og_description":"DAR-VIDA incarne le cracker complet sain pour combler les petites faims. DAR-VIDA renferme l'\u00e9nergie naturelle des grains de c\u00e9r\u00e9ale. Fra\u00eechement broy\u00e9es grossi\u00e8rement en Suisse \u00e0 la meule de pierre, les c\u00e9r\u00e9ales sont transform\u00e9es avec d'autres mati\u00e8res premi\u00e8res non raffin\u00e9es et du sel marin en crackers complets extra minces dans un proc\u00e9d\u00e9 de cuisson qui permet de pr\u00e9server les qualit\u00e9s nutritionnelles.","og_url":"https:\/\/darvida.ch\/fr\/","og_site_name":"DAR-VIDA","article_modified_time":"2025-05-06T07:48:17+00:00","twitter_card":"summary_large_image","twitter_misc":{"Est. reading time":"1 minute"},"schema":{"@context":"https:\/\/schema.org","@graph":[{"@type":"WebPage","@id":"https:\/\/darvida.ch\/fr\/","url":"https:\/\/darvida.ch\/fr\/","name":"DAR-VIDA &#8211; C'EST ESSENTIEL.","isPartOf":{"@id":"https:\/\/darvida.ch\/fr\/#website"},"datePublished":"2022-10-24T16:11:33+00:00","dateModified":"2025-05-06T07:48:17+00:00","description":"DAR-VIDA incarne le cracker complet sain pour combler les petites faims. DAR-VIDA renferme l'\u00e9nergie naturelle des grains de c\u00e9r\u00e9ale. Fra\u00eechement broy\u00e9es grossi\u00e8rement en Suisse \u00e0 la meule de pierre, les c\u00e9r\u00e9ales sont transform\u00e9es avec d'autres mati\u00e8res premi\u00e8res non raffin\u00e9es et du sel marin en crackers complets extra minces dans un proc\u00e9d\u00e9 de cuisson qui permet de pr\u00e9server les qualit\u00e9s nutritionnelles.","inLanguage":"fr-FR","potentialAction":[{"@type":"ReadAction","target":["https:\/\/darvida.ch\/fr\/"]}]},{"@type":"WebSite","@id":"https:\/\/darvida.ch\/fr\/#website","url":"https:\/\/darvida.ch\/fr\/","name":"DAR-VIDA","description":"","potentialAction":[{"@type":"SearchAction","target":{"@type":"EntryPoint","urlTemplate":"https:\/\/darvida.ch\/fr\/?s={search_term_string}"},"query-input":"required name=search_term_string"}],"inLanguage":"fr-FR"}]}},"_links":{"self":[{"href":"https:\/\/darvida.ch\/fr\/wp-json\/wp\/v2\/pages\/201"}],"collection":[{"href":"https:\/\/darvida.ch\/fr\/wp-json\/wp\/v2\/pages"}],"about":[{"href":"https:\/\/darvida.ch\/fr\/wp-json\/wp\/v2\/types\/page"}],"author":[{"embeddable":true,"href":"https:\/\/darvida.ch\/fr\/wp-json\/wp\/v2\/users\/2"}],"replies":[{"embeddable":true,"href":"https:\/\/darvida.ch\/fr\/wp-json\/wp\/v2\/comments?post=201"}],"version-history":[{"count":13,"href":"https:\/\/darvida.ch\/fr\/wp-json\/wp\/v2\/pages\/201\/revisions"}],"predecessor-version":[{"id":3899,"href":"https:\/\/darvida.ch\/fr\/wp-json\/wp\/v2\/pages\/201\/revisions\/3899"}],"wp:attachment":[{"href":"https:\/\/darvida.ch\/fr\/wp-json\/wp\/v2\/media?parent=201"}],"curies":[{"name":"wp","href":"https:\/\/api.w.org\/{rel}","templated":true}]}}