{"id":217,"date":"2022-10-31T17:50:02","date_gmt":"2022-10-31T16:50:02","guid":{"rendered":"https:\/\/www.darvida.ch\/?page_id=217"},"modified":"2025-09-25T14:03:20","modified_gmt":"2025-09-25T12:03:20","slug":"histoire","status":"publish","type":"page","link":"https:\/\/darvida.ch\/fr\/au-sujet-de-dar-vida\/histoire\/","title":{"rendered":"Histoire"},"content":{"rendered":"","protected":false},"excerpt":{"rendered":"","protected":false},"author":2,"featured_media":0,"parent":1988,"menu_order":0,"comment_status":"closed","ping_status":"closed","template":"templates\/product_journey.php","meta":{"_acf_changed":false},"class_list":["post-217","page","type-page","status-publish","hentry"],"acf":[],"yoast_head":"<!-- This site is optimized with the Yoast SEO plugin v22.9 - https:\/\/yoast.com\/wordpress\/plugins\/seo\/ -->\n<title>Histoire &#8211; DAR-VIDA<\/title>\n<meta name=\"description\" content=\"Cela fait plus de 40 ans que DAR-VIDA fait partie de la gamme de produits HUG. Et ce avec grand succ\u00e8s: sa notori\u00e9t\u00e9 approche les 82 % - tendance \u00e0 la hausse.\" \/>\n<meta name=\"robots\" content=\"index, follow, max-snippet:-1, max-image-preview:large, max-video-preview:-1\" \/>\n<link rel=\"canonical\" href=\"https:\/\/darvida.ch\/fr\/au-sujet-de-dar-vida\/histoire\/\" \/>\n<meta property=\"og:locale\" content=\"fr_FR\" \/>\n<meta property=\"og:type\" content=\"article\" \/>\n<meta property=\"og:title\" content=\"Histoire &#8211; DAR-VIDA\" \/>\n<meta property=\"og:description\" content=\"Cela fait plus de 40 ans que DAR-VIDA fait partie de la gamme de produits HUG. Et ce avec grand succ\u00e8s: sa notori\u00e9t\u00e9 approche les 82 % - tendance \u00e0 la hausse.\" \/>\n<meta property=\"og:url\" content=\"https:\/\/darvida.ch\/fr\/au-sujet-de-dar-vida\/histoire\/\" \/>\n<meta property=\"og:site_name\" content=\"DAR-VIDA\" \/>\n<meta property=\"article:modified_time\" content=\"2025-09-25T12:03:20+00:00\" \/>\n<meta name=\"twitter:card\" content=\"summary_large_image\" \/>\n<meta name=\"twitter:label1\" content=\"Est. reading time\" \/>\n\t<meta name=\"twitter:data1\" content=\"9 minutes\" \/>\n<script type=\"application\/ld+json\" class=\"yoast-schema-graph\">{\"@context\":\"https:\/\/schema.org\",\"@graph\":[{\"@type\":\"WebPage\",\"@id\":\"https:\/\/darvida.ch\/fr\/au-sujet-de-dar-vida\/histoire\/\",\"url\":\"https:\/\/darvida.ch\/fr\/au-sujet-de-dar-vida\/histoire\/\",\"name\":\"Histoire &#8211; DAR-VIDA\",\"isPartOf\":{\"@id\":\"https:\/\/darvida.ch\/fr\/#website\"},\"datePublished\":\"2022-10-31T16:50:02+00:00\",\"dateModified\":\"2025-09-25T12:03:20+00:00\",\"description\":\"Cela fait plus de 40 ans que DAR-VIDA fait partie de la gamme de produits HUG. Et ce avec grand succ\u00e8s: sa notori\u00e9t\u00e9 approche les 82 % - tendance \u00e0 la hausse.\",\"breadcrumb\":{\"@id\":\"https:\/\/darvida.ch\/fr\/au-sujet-de-dar-vida\/histoire\/#breadcrumb\"},\"inLanguage\":\"fr-FR\",\"potentialAction\":[{\"@type\":\"ReadAction\",\"target\":[\"https:\/\/darvida.ch\/fr\/au-sujet-de-dar-vida\/histoire\/\"]}]},{\"@type\":\"BreadcrumbList\",\"@id\":\"https:\/\/darvida.ch\/fr\/au-sujet-de-dar-vida\/histoire\/#breadcrumb\",\"itemListElement\":[{\"@type\":\"ListItem\",\"position\":1,\"name\":\"Au sujet de DAR-VIDA\",\"item\":\"https:\/\/darvida.ch\/fr\/au-sujet-de-dar-vida\/\"},{\"@type\":\"ListItem\",\"position\":2,\"name\":\"Histoire\"}]},{\"@type\":\"WebSite\",\"@id\":\"https:\/\/darvida.ch\/fr\/#website\",\"url\":\"https:\/\/darvida.ch\/fr\/\",\"name\":\"DAR-VIDA\",\"description\":\"\",\"potentialAction\":[{\"@type\":\"SearchAction\",\"target\":{\"@type\":\"EntryPoint\",\"urlTemplate\":\"https:\/\/darvida.ch\/fr\/?s={search_term_string}\"},\"query-input\":\"required name=search_term_string\"}],\"inLanguage\":\"fr-FR\"}]}<\/script>\n<!-- \/ Yoast SEO plugin. -->","yoast_head_json":{"title":"Histoire &#8211; DAR-VIDA","description":"Cela fait plus de 40 ans que DAR-VIDA fait partie de la gamme de produits HUG. Et ce avec grand succ\u00e8s: sa notori\u00e9t\u00e9 approche les 82 % - tendance \u00e0 la hausse.","robots":{"index":"index","follow":"follow","max-snippet":"max-snippet:-1","max-image-preview":"max-image-preview:large","max-video-preview":"max-video-preview:-1"},"canonical":"https:\/\/darvida.ch\/fr\/au-sujet-de-dar-vida\/histoire\/","og_locale":"fr_FR","og_type":"article","og_title":"Histoire &#8211; DAR-VIDA","og_description":"Cela fait plus de 40 ans que DAR-VIDA fait partie de la gamme de produits HUG. Et ce avec grand succ\u00e8s: sa notori\u00e9t\u00e9 approche les 82 % - tendance \u00e0 la hausse.","og_url":"https:\/\/darvida.ch\/fr\/au-sujet-de-dar-vida\/histoire\/","og_site_name":"DAR-VIDA","article_modified_time":"2025-09-25T12:03:20+00:00","twitter_card":"summary_large_image","twitter_misc":{"Est. reading time":"9 minutes"},"schema":{"@context":"https:\/\/schema.org","@graph":[{"@type":"WebPage","@id":"https:\/\/darvida.ch\/fr\/au-sujet-de-dar-vida\/histoire\/","url":"https:\/\/darvida.ch\/fr\/au-sujet-de-dar-vida\/histoire\/","name":"Histoire &#8211; DAR-VIDA","isPartOf":{"@id":"https:\/\/darvida.ch\/fr\/#website"},"datePublished":"2022-10-31T16:50:02+00:00","dateModified":"2025-09-25T12:03:20+00:00","description":"Cela fait plus de 40 ans que DAR-VIDA fait partie de la gamme de produits HUG. Et ce avec grand succ\u00e8s: sa notori\u00e9t\u00e9 approche les 82 % - tendance \u00e0 la hausse.","breadcrumb":{"@id":"https:\/\/darvida.ch\/fr\/au-sujet-de-dar-vida\/histoire\/#breadcrumb"},"inLanguage":"fr-FR","potentialAction":[{"@type":"ReadAction","target":["https:\/\/darvida.ch\/fr\/au-sujet-de-dar-vida\/histoire\/"]}]},{"@type":"BreadcrumbList","@id":"https:\/\/darvida.ch\/fr\/au-sujet-de-dar-vida\/histoire\/#breadcrumb","itemListElement":[{"@type":"ListItem","position":1,"name":"Au sujet de DAR-VIDA","item":"https:\/\/darvida.ch\/fr\/au-sujet-de-dar-vida\/"},{"@type":"ListItem","position":2,"name":"Histoire"}]},{"@type":"WebSite","@id":"https:\/\/darvida.ch\/fr\/#website","url":"https:\/\/darvida.ch\/fr\/","name":"DAR-VIDA","description":"","potentialAction":[{"@type":"SearchAction","target":{"@type":"EntryPoint","urlTemplate":"https:\/\/darvida.ch\/fr\/?s={search_term_string}"},"query-input":"required name=search_term_string"}],"inLanguage":"fr-FR"}]}},"_links":{"self":[{"href":"https:\/\/darvida.ch\/fr\/wp-json\/wp\/v2\/pages\/217"}],"collection":[{"href":"https:\/\/darvida.ch\/fr\/wp-json\/wp\/v2\/pages"}],"about":[{"href":"https:\/\/darvida.ch\/fr\/wp-json\/wp\/v2\/types\/page"}],"author":[{"embeddable":true,"href":"https:\/\/darvida.ch\/fr\/wp-json\/wp\/v2\/users\/2"}],"replies":[{"embeddable":true,"href":"https:\/\/darvida.ch\/fr\/wp-json\/wp\/v2\/comments?post=217"}],"version-history":[{"count":14,"href":"https:\/\/darvida.ch\/fr\/wp-json\/wp\/v2\/pages\/217\/revisions"}],"predecessor-version":[{"id":4729,"href":"https:\/\/darvida.ch\/fr\/wp-json\/wp\/v2\/pages\/217\/revisions\/4729"}],"up":[{"embeddable":true,"href":"https:\/\/darvida.ch\/fr\/wp-json\/wp\/v2\/pages\/1988"}],"wp:attachment":[{"href":"https:\/\/darvida.ch\/fr\/wp-json\/wp\/v2\/media?parent=217"}],"curies":[{"name":"wp","href":"https:\/\/api.w.org\/{rel}","templated":true}]}}