{"id":602,"date":"2022-12-15T08:26:38","date_gmt":"2022-12-15T07:26:38","guid":{"rendered":"https:\/\/darvida.ch\/?post_type=product&#038;p=602"},"modified":"2026-04-07T07:26:07","modified_gmt":"2026-04-07T05:26:07","slug":"dar-vida-purepeautre","status":"publish","type":"product","link":"https:\/\/darvida.ch\/fr\/produits\/dar-vida-purepeautre\/","title":{"rendered":"DAR-VIDA PurEpeautre"},"template":"","ingredients":[53,58,62,63,120,330],"featured_ingredients":[115,177],"taste":[227],"allergens":[359,368,374,377,380,383,386],"diet":[70,71,72,77,78,80,269,272],"class_list":["post-602","product","type-product","status-publish","hentry","ingredients-sel-marin","ingredients-huile-de-colza","ingredients-levure","ingredients-malt-dorge","ingredients-purepeautre-egruge","ingredients-poudre-a-lever-carbonates-de-sodium","featured_ingredients-a-lepeautre","featured_ingredients-au-grain-complet","taste-neutre","allergens-aw_fr","allergens-as_fr","allergens-gb_fr","allergens-gs_fr","allergens-an_fr","allergens-sa_fr","allergens-sh_fr","diet-vegane","diet-vegetarien","diet-lacto-vegetarien","diet-sans-sucre-cristallise","diet-a-lacide-folique","diet-ovo-vegetarien","diet-sans-huile-de-palme","diet-100-grain-complet"],"acf":[],"yoast_head":"<!-- This site is optimized with the Yoast SEO plugin v22.9 - https:\/\/yoast.com\/wordpress\/plugins\/seo\/ -->\n<title>DAR-VIDA PurEpeautre &#8211; DAR-VIDA<\/title>\n<meta name=\"description\" content=\"Cracker croquant au Pur\u00c9peautre avec des grains complets et du Pur\u00c9peautre certifi\u00e9 IP-Suisse.\" \/>\n<meta name=\"robots\" content=\"index, follow, max-snippet:-1, max-image-preview:large, max-video-preview:-1\" \/>\n<link rel=\"canonical\" href=\"https:\/\/darvida.ch\/fr\/produits\/dar-vida-purepeautre\/\" \/>\n<meta property=\"og:locale\" content=\"fr_FR\" \/>\n<meta property=\"og:type\" content=\"article\" \/>\n<meta property=\"og:title\" content=\"DAR-VIDA PurEpeautre &#8211; DAR-VIDA\" \/>\n<meta property=\"og:description\" content=\"Cracker croquant au Pur\u00c9peautre avec des grains complets et du Pur\u00c9peautre certifi\u00e9 IP-Suisse.\" \/>\n<meta property=\"og:url\" content=\"https:\/\/darvida.ch\/fr\/produits\/dar-vida-purepeautre\/\" \/>\n<meta property=\"og:site_name\" content=\"DAR-VIDA\" \/>\n<meta property=\"article:modified_time\" content=\"2026-04-07T05:26:07+00:00\" \/>\n<meta name=\"twitter:card\" content=\"summary_large_image\" \/>\n<script type=\"application\/ld+json\" class=\"yoast-schema-graph\">{\"@context\":\"https:\/\/schema.org\",\"@graph\":[{\"@type\":\"WebPage\",\"@id\":\"https:\/\/darvida.ch\/fr\/produits\/dar-vida-purepeautre\/\",\"url\":\"https:\/\/darvida.ch\/fr\/produits\/dar-vida-purepeautre\/\",\"name\":\"DAR-VIDA PurEpeautre &#8211; DAR-VIDA\",\"isPartOf\":{\"@id\":\"https:\/\/darvida.ch\/fr\/#website\"},\"datePublished\":\"2022-12-15T07:26:38+00:00\",\"dateModified\":\"2026-04-07T05:26:07+00:00\",\"description\":\"Cracker croquant au Pur\u00c9peautre avec des grains complets et du Pur\u00c9peautre certifi\u00e9 IP-Suisse.\",\"inLanguage\":\"fr-FR\",\"potentialAction\":[{\"@type\":\"ReadAction\",\"target\":[\"https:\/\/darvida.ch\/fr\/produits\/dar-vida-purepeautre\/\"]}]},{\"@type\":\"WebSite\",\"@id\":\"https:\/\/darvida.ch\/fr\/#website\",\"url\":\"https:\/\/darvida.ch\/fr\/\",\"name\":\"DAR-VIDA\",\"description\":\"\",\"potentialAction\":[{\"@type\":\"SearchAction\",\"target\":{\"@type\":\"EntryPoint\",\"urlTemplate\":\"https:\/\/darvida.ch\/fr\/?s={search_term_string}\"},\"query-input\":\"required name=search_term_string\"}],\"inLanguage\":\"fr-FR\"}]}<\/script>\n<!-- \/ Yoast SEO plugin. -->","yoast_head_json":{"title":"DAR-VIDA PurEpeautre &#8211; DAR-VIDA","description":"Cracker croquant au Pur\u00c9peautre avec des grains complets et du Pur\u00c9peautre certifi\u00e9 IP-Suisse.","robots":{"index":"index","follow":"follow","max-snippet":"max-snippet:-1","max-image-preview":"max-image-preview:large","max-video-preview":"max-video-preview:-1"},"canonical":"https:\/\/darvida.ch\/fr\/produits\/dar-vida-purepeautre\/","og_locale":"fr_FR","og_type":"article","og_title":"DAR-VIDA PurEpeautre &#8211; DAR-VIDA","og_description":"Cracker croquant au Pur\u00c9peautre avec des grains complets et du Pur\u00c9peautre certifi\u00e9 IP-Suisse.","og_url":"https:\/\/darvida.ch\/fr\/produits\/dar-vida-purepeautre\/","og_site_name":"DAR-VIDA","article_modified_time":"2026-04-07T05:26:07+00:00","twitter_card":"summary_large_image","schema":{"@context":"https:\/\/schema.org","@graph":[{"@type":"WebPage","@id":"https:\/\/darvida.ch\/fr\/produits\/dar-vida-purepeautre\/","url":"https:\/\/darvida.ch\/fr\/produits\/dar-vida-purepeautre\/","name":"DAR-VIDA PurEpeautre &#8211; DAR-VIDA","isPartOf":{"@id":"https:\/\/darvida.ch\/fr\/#website"},"datePublished":"2022-12-15T07:26:38+00:00","dateModified":"2026-04-07T05:26:07+00:00","description":"Cracker croquant au Pur\u00c9peautre avec des grains complets et du Pur\u00c9peautre certifi\u00e9 IP-Suisse.","inLanguage":"fr-FR","potentialAction":[{"@type":"ReadAction","target":["https:\/\/darvida.ch\/fr\/produits\/dar-vida-purepeautre\/"]}]},{"@type":"WebSite","@id":"https:\/\/darvida.ch\/fr\/#website","url":"https:\/\/darvida.ch\/fr\/","name":"DAR-VIDA","description":"","potentialAction":[{"@type":"SearchAction","target":{"@type":"EntryPoint","urlTemplate":"https:\/\/darvida.ch\/fr\/?s={search_term_string}"},"query-input":"required name=search_term_string"}],"inLanguage":"fr-FR"}]}},"_links":{"self":[{"href":"https:\/\/darvida.ch\/fr\/wp-json\/wp\/v2\/product\/602"}],"collection":[{"href":"https:\/\/darvida.ch\/fr\/wp-json\/wp\/v2\/product"}],"about":[{"href":"https:\/\/darvida.ch\/fr\/wp-json\/wp\/v2\/types\/product"}],"version-history":[{"count":9,"href":"https:\/\/darvida.ch\/fr\/wp-json\/wp\/v2\/product\/602\/revisions"}],"predecessor-version":[{"id":2441,"href":"https:\/\/darvida.ch\/fr\/wp-json\/wp\/v2\/product\/602\/revisions\/2441"}],"wp:attachment":[{"href":"https:\/\/darvida.ch\/fr\/wp-json\/wp\/v2\/media?parent=602"}],"wp:term":[{"taxonomy":"ingredients","embeddable":true,"href":"https:\/\/darvida.ch\/fr\/wp-json\/wp\/v2\/ingredients?post=602"},{"taxonomy":"featured_ingredients","embeddable":true,"href":"https:\/\/darvida.ch\/fr\/wp-json\/wp\/v2\/featured_ingredients?post=602"},{"taxonomy":"taste","embeddable":true,"href":"https:\/\/darvida.ch\/fr\/wp-json\/wp\/v2\/taste?post=602"},{"taxonomy":"allergens","embeddable":true,"href":"https:\/\/darvida.ch\/fr\/wp-json\/wp\/v2\/allergens?post=602"},{"taxonomy":"diet","embeddable":true,"href":"https:\/\/darvida.ch\/fr\/wp-json\/wp\/v2\/diet?post=602"}],"curies":[{"name":"wp","href":"https:\/\/api.w.org\/{rel}","templated":true}]}}